{"id":15,"date":"2025-06-09T12:02:59","date_gmt":"2025-06-09T12:02:59","guid":{"rendered":"https:\/\/sindicamtest50.ro\/?page_id=15"},"modified":"2025-06-09T13:45:23","modified_gmt":"2025-06-09T13:45:23","slug":"home","status":"publish","type":"page","link":"https:\/\/sindicamtest50.ro\/index.php\/home\/","title":{"rendered":"Acasa \/ Home"},"content":{"rendered":"\n<p><strong>Fii printre primii<\/strong>: Implic\u00e2ndu-te, vei avea ocazia s\u0103 reprezin\u021bi interesele colegilor, s\u0103 dezvol\u021bi abilit\u0103\u021bi valoroase \u0219i s\u0103 colaborezi cu oameni pasiona\u021bi. \u00cempreun\u0103 putem construi un sindicat puternic.<\/p>\n\n\n\n<p>V<strong>ocea ta conteaz\u0103<\/strong>: \u00cen cadrul Univox, ai ocazia s\u0103 \u00ee\u021bi exprimi opinia \u0219i s\u0103 influen\u021bezi deciziile importante ale companiei, asigur\u00e2ndu-te c\u0103 nevoile tale sunt auzite.<\/p>\n\n\n\n<p><strong>Securitate social\u0103<\/strong>: Beneficiezi de protec\u021bie social\u0103 \u00een caz de accidente sau boli profesionale, asigur\u00e2ndu-te c\u0103 e\u0219ti acoperit \u00een situa\u021bii neprev\u0103zute<\/p>\n\n\n\n<p>Suntem deja&nbsp;<strong>671<\/strong>&nbsp;membri. E timpul ca \u0219i&nbsp;<strong>TU<\/strong>&nbsp;s\u0103 ni te al\u0103turi!<\/p>\n\n\n\n<p><strong>Protec\u021bie legal\u0103 garantat\u0103<\/strong>: Univox ofer\u0103 asisten\u021b\u0103 juridic\u0103 \u00een caz de conflicte de munc\u0103, ceea ce \u00ee\u021bi ofer\u0103 un sentiment de siguran\u021b\u0103 \u0219i \u00eencredere.<\/p>\n\n\n\n<p><strong>Suport \u00een caz de concediere<\/strong>: Univox te sprijin\u0103 \u00een situa\u021bii de concediere abuziv\u0103, oferindu-\u021bi protec\u021bie \u0219i consiliere \u00een momente dificile.<\/p>\n\n\n\n<p><strong>Reprezentare colectiv\u0103 puternic\u0103<\/strong>: Aderarea la Univox \u00ee\u021bi asigur\u0103 o voce unit\u0103 \u00een negocierile Contractului Colectiv de Munc\u0103 (CCM), cresc\u00e2nd \u0219ansele ob\u021binerii unor condi\u021bii mai favorabile.<\/p>\n\n\n\n<p><strong>Comunitate unit\u0103<\/strong>: Apartenen\u021ba la Univox te conecteaz\u0103 cu al\u021bi angaja\u021bi care \u00eemp\u0103rt\u0103\u0219esc acelea\u0219i interese, oferindu-\u021bi un sprijin moral \u0219i profesional.<\/p>\n\n\n\n<p><strong>Drepturi \u0219i beneficii<\/strong>: Ca membru, ai acces la diverse beneficii. Vom dezvolta \u0219i implementa \u00eempreun\u0103 lista benificiilor.<\/p>\n\n\n\n<p><strong>\u00cembun\u0103t\u0103\u021birea condi\u021biilor de munc\u0103<\/strong>: Univox lupt\u0103 pentru condi\u021bii mai bune la locul de munc\u0103, ceea ce contribuie la s\u0103n\u0103tatea \u0219i bun\u0103starea ta.<\/p>\n\n\n\n<p><strong>Formare profesional\u0103 continu\u0103<\/strong>: Univox va oferi acces la cursuri \u0219i programe de dezvoltare profesional\u0103, ajut\u00e2ndu-te s\u0103 \u00ee\u021bi \u00eembun\u0103t\u0103\u021be\u0219ti abilit\u0103\u021bile.<\/p>\n\n\n\n<p><strong>Stabilitate pe termen lung<\/strong>: Aderarea la sindicat \u00ee\u021bi ofer\u0103 un sentiment de stabilitate \u0219i suport pe termen lung \u00eentr-o industrie foarte dinamic\u0103 precum cea Automotive.<\/p>\n","protected":false},"excerpt":{"rendered":"<p>Fii printre primii: Implic\u00e2ndu-te, vei avea ocazia s\u0103 reprezin\u021bi interesele colegilor, s\u0103 dezvol\u021bi abilit\u0103\u021bi valoroase \u0219i s\u0103 colaborezi cu oameni pasiona\u021bi. \u00cempreun\u0103 putem construi un sindicat puternic. Vocea ta conteaz\u0103: \u00cen cadrul Univox, ai ocazia s\u0103 \u00ee\u021bi exprimi opinia \u0219i s\u0103 influen\u021bezi deciziile importante ale companiei, asigur\u00e2ndu-te c\u0103 nevoile tale sunt auzite. Securitate social\u0103: Beneficiezi [&hellip;]<\/p>\n","protected":false},"author":1,"featured_media":0,"parent":0,"menu_order":0,"comment_status":"closed","ping_status":"closed","template":"","meta":{"footnotes":""},"class_list":["post-15","page","type-page","status-publish","hentry"],"_links":{"self":[{"href":"https:\/\/sindicamtest50.ro\/index.php\/wp-json\/wp\/v2\/pages\/15","targetHints":{"allow":["GET"]}}],"collection":[{"href":"https:\/\/sindicamtest50.ro\/index.php\/wp-json\/wp\/v2\/pages"}],"about":[{"href":"https:\/\/sindicamtest50.ro\/index.php\/wp-json\/wp\/v2\/types\/page"}],"author":[{"embeddable":true,"href":"https:\/\/sindicamtest50.ro\/index.php\/wp-json\/wp\/v2\/users\/1"}],"replies":[{"embeddable":true,"href":"https:\/\/sindicamtest50.ro\/index.php\/wp-json\/wp\/v2\/comments?post=15"}],"version-history":[{"count":2,"href":"https:\/\/sindicamtest50.ro\/index.php\/wp-json\/wp\/v2\/pages\/15\/revisions"}],"predecessor-version":[{"id":19,"href":"https:\/\/sindicamtest50.ro\/index.php\/wp-json\/wp\/v2\/pages\/15\/revisions\/19"}],"wp:attachment":[{"href":"https:\/\/sindicamtest50.ro\/index.php\/wp-json\/wp\/v2\/media?parent=15"}],"curies":[{"name":"wp","href":"https:\/\/api.w.org\/{rel}","templated":true}]}}