{"id":60,"date":"2025-06-09T13:52:37","date_gmt":"2025-06-09T13:52:37","guid":{"rendered":"https:\/\/sindicamtest50.ro\/?page_id=60"},"modified":"2025-06-09T13:52:37","modified_gmt":"2025-06-09T13:52:37","slug":"faq","status":"publish","type":"page","link":"https:\/\/sindicamtest50.ro\/index.php\/faq\/","title":{"rendered":"FAQ"},"content":{"rendered":"\n<p><strong>Care este rolul si ce functii are un sindicat?<\/strong><\/p>\n\n\n\n<p>Rolul sindicatului este sa fie participativ la deciziile luate de companie cu privire la angajati.<\/p>\n\n\n\n<p>Iata si cateva dintre functiile de baza ale unui sindicat: negocierea colectiv\u0103, ap\u0103rarea drepturilor muncitorilor, consiliere \u0219i asisten\u021b\u0103 juridic\u0103, formare profesional\u0103, solidaritate \u0219i sprijin mutual.<\/p>\n\n\n\n<p><strong>Care ar fi avantajele sindicatului in comunicarea cu compania si negicierea CCM?<\/strong><\/p>\n\n\n\n<p><strong>Negociere<\/strong>:<br>\u2013 un sidicat, datorita faptului ca dispune de un buget, poate angaja un avocat\/expert legal in dreptul muncii, o casa de avocatura, un negociator extern care sa asiste sindicatul in negocierile CCM-ului.<br>\u2013 sindicatul, poate pregatii profesional echipa de negocieri prin participarea la cursuri specifice legate de abilitati de negociere specificee dreptului muncii\/reprezentarii angajatilor.<br>\u2013 un sindicat are dreptul sa ceara si compania e obligata se puna la dispozitie docmente privind datele financiare ale companiei (ex: bugete \u2026 ). Totodat apoate contracta un expert financiar care sa interpreteze corect informatiile primite daca este cazul.<br>\u2013 un sindicat poate accesa studii de piata platite cu privire la salarii, beneficii, sau alte informatii care pot ajuta la negocieri \u2026<br>\u2013 in cazul unor conflicte de munca individuale, sindicatul poate delega avocatul sindicatului sau alti avocati pentru a reprezenta si apara interesele angajatului\/angajatilor dupa caz<\/p>\n\n\n\n<p><strong>Comunicare<\/strong>:<br>\u2013 formarea de grupe sindicale 1 la 25 creaza un nivel intermediar care permite ca informatia sa treaca de la membri sai la la biroul executiv al sindicatului si invers sa se propage mai repede si mai corect (sedintele de aliniere cu sefii de grupe sindicale fiind mai frecvente).<br>\u2013 legea ofera posibilitatea sindicatelor de a organiza intalniri periodice de informare inclusif intalniri cu toti membri (gen webcast)<br>\u2013 sindicatul poate accesa platforme de comunicare gen Discord, Netigate \u2026 etc<\/p>\n\n\n\n<p><\/p>\n","protected":false},"excerpt":{"rendered":"<p>Care este rolul si ce functii are un sindicat? Rolul sindicatului este sa fie participativ la deciziile luate de companie cu privire la angajati. Iata si cateva dintre functiile de baza ale unui sindicat: negocierea colectiv\u0103, ap\u0103rarea drepturilor muncitorilor, consiliere \u0219i asisten\u021b\u0103 juridic\u0103, formare profesional\u0103, solidaritate \u0219i sprijin mutual. Care ar fi avantajele sindicatului in [&hellip;]<\/p>\n","protected":false},"author":1,"featured_media":0,"parent":0,"menu_order":0,"comment_status":"closed","ping_status":"closed","template":"","meta":{"footnotes":""},"class_list":["post-60","page","type-page","status-publish","hentry"],"_links":{"self":[{"href":"https:\/\/sindicamtest50.ro\/index.php\/wp-json\/wp\/v2\/pages\/60","targetHints":{"allow":["GET"]}}],"collection":[{"href":"https:\/\/sindicamtest50.ro\/index.php\/wp-json\/wp\/v2\/pages"}],"about":[{"href":"https:\/\/sindicamtest50.ro\/index.php\/wp-json\/wp\/v2\/types\/page"}],"author":[{"embeddable":true,"href":"https:\/\/sindicamtest50.ro\/index.php\/wp-json\/wp\/v2\/users\/1"}],"replies":[{"embeddable":true,"href":"https:\/\/sindicamtest50.ro\/index.php\/wp-json\/wp\/v2\/comments?post=60"}],"version-history":[{"count":1,"href":"https:\/\/sindicamtest50.ro\/index.php\/wp-json\/wp\/v2\/pages\/60\/revisions"}],"predecessor-version":[{"id":61,"href":"https:\/\/sindicamtest50.ro\/index.php\/wp-json\/wp\/v2\/pages\/60\/revisions\/61"}],"wp:attachment":[{"href":"https:\/\/sindicamtest50.ro\/index.php\/wp-json\/wp\/v2\/media?parent=60"}],"curies":[{"name":"wp","href":"https:\/\/api.w.org\/{rel}","templated":true}]}}